{"id":4085,"date":"2022-05-17T10:17:46","date_gmt":"2022-05-17T10:17:46","guid":{"rendered":"https:\/\/casa.co.rs\/kontakt\/"},"modified":"2023-11-09T09:04:13","modified_gmt":"2023-11-09T09:04:13","slug":"contact","status":"publish","type":"page","link":"https:\/\/casa.co.rs\/en\/contact\/","title":{"rendered":"Contact"},"content":{"rendered":"<p>[vc_row full_width=&#8221;stretch_row_content&#8221; css=&#8221;.vc_custom_1652782456953{margin-top: 0px !important;margin-bottom: 0px !important;padding-top: 0px !important;padding-bottom: 0px !important;}&#8221;][vc_column css=&#8221;.vc_custom_1652782447865{margin-top: 0px !important;margin-bottom: 0px !important;padding-top: 30px !important;padding-bottom: 30px !important;}&#8221;][vc_gmaps link=&#8221;#E-8_JTNDaWZyYW1lJTIwc3JjJTNEJTIyaHR0cHMlM0ElMkYlMkZ3d3cuZ29vZ2xlLmNvbSUyRm1hcHMlMkZlbWJlZCUzRnBiJTNEJTIxMW0xOCUyMTFtMTIlMjExbTMlMjExZDc3ODIuODA4MDE2MjA1NDc5JTIxMmQyMC41MTI0MzA3ODM2MjQ4NTglMjEzZDQ0Ljc3NTM1MzM0OTAyODg5JTIxMm0zJTIxMWYwJTIxMmYwJTIxM2YwJTIxM20yJTIxMWkxMDI0JTIxMmk3NjglMjE0ZjEzLjElMjEzbTMlMjExbTIlMjExczB4NDc1YTcwOTg0ZjVhMmRlMyUyNTNBMHg1MDhmM2FjNzNiMzY4NTA0JTIxMnNDQVNBLUN1c3RvbSUyNTIwQXJ0JTI1MjAlMjUyNiUyNTIwU29sdXRpb25zJTI1MjBBbHRlcm5hdGl2JTIxNWUwJTIxM20yJTIxMXNlbiUyMTJzcnMlMjE0djE2NTI3ODM0OTM0ODklMjE1bTIlMjExc2VuJTIxMnNycyUyMiUyMHdpZHRoJTNEJTIyMTAwJTI1JTIyJTIwaGVpZ2h0JTNEJTIyNzAwJTIyJTIwc3R5bGUlM0QlMjJib3JkZXIlM0EwJTNCJTIyJTIwYWxsb3dmdWxsc2NyZWVuJTNEJTIyJTIyJTIwbG9hZGluZyUzRCUyMmxhenklMjIlMjByZWZlcnJlcnBvbGljeSUzRCUyMm5vLXJlZmVycmVyLXdoZW4tZG93bmdyYWRlJTIyJTNFJTNDJTJGaWZyYW1lJTNF&#8221; css=&#8221;.vc_custom_1652783569445{margin-top: 0px !important;margin-bottom: 0px !important;padding-top: 0px !important;padding-bottom: 0px !important;}&#8221;][\/vc_column][\/vc_row][vc_row full_width=&#8221;stretch_row_content_no_spaces&#8221; bg_type=&#8221;bg_color&#8221; bg_override=&#8221;ex-full&#8221; css=&#8221;.vc_custom_1649933307943{margin-top: 0px !important;margin-bottom: 0px !important;border-top-width: 0px !important;border-right-width: 0px !important;border-bottom-width: 1px !important;border-left-width: 0px !important;padding-top: 0px !important;padding-bottom: 0px !important;border-left-color: #000000 !important;border-left-style: solid !important;border-right-color: #000000 !important;border-right-style: solid !important;border-top-color: #000000 !important;border-top-style: solid !important;border-bottom-color: #000000 !important;border-bottom-style: solid !important;}&#8221; bg_color_value=&#8221;#eaeaeb&#8221;][vc_column css=&#8221;.vc_custom_1649854679846{margin-top: 0px !important;margin-bottom: 0px !important;padding-top: 0px !important;padding-bottom: 0px !important;}&#8221;]<div class=\"ult-spacer spacer-69dea7e1d60d4\" data-id=\"69dea7e1d60d4\" data-height=\"40\" data-height-mobile=\"20\" data-height-tab=\"\" data-height-tab-portrait=\"\" data-height-mobile-landscape=\"\" style=\"clear:both;display:block;\"><\/div>[\/vc_column][\/vc_row][vc_row full_width=&#8221;stretch_row&#8221; equal_height=&#8221;yes&#8221; bg_type=&#8221;bg_color&#8221; css=&#8221;.vc_custom_1649937288784{margin-top: 0px !important;margin-bottom: 0px !important;padding-top: 0px !important;padding-bottom: 0px !important;}&#8221; bg_color_value=&#8221;#eaeaeb&#8221;][vc_column width=&#8221;2\/5&#8243; css=&#8221;.vc_custom_1649928270341{margin-top: 0px !important;margin-bottom: 0px !important;padding-top: 20px !important;padding-bottom: 20px !important;}&#8221; el_class=&#8221;naslov-polje&#8221;]<div class=\"dt-fancy-separator title-left h2-size style-disabled title-color\" style=\"width: 100%;\"><div class=\"dt-fancy-title\"><span class=\"separator-holder separator-left\"><\/span>Contact<span class=\"separator-holder separator-right\"><\/span><\/div><\/div>[\/vc_column][vc_column width=&#8221;3\/5&#8243; css=&#8221;.vc_custom_1652944344570{margin-top: 0px !important;margin-bottom: 0px !important;padding-top: 20px !important;padding-bottom: 0px !important;}&#8221; el_class=&#8221;opis-polje3&#8243;][vc_column_text css=&#8221;.vc_custom_1699520635438{margin-top: 0px !important;margin-bottom: 0px !important;padding-top: 0px !important;padding-bottom: 0px !important;}&#8221;]<strong>Bosanska 80A<\/strong><br \/>\n11050 Belgrade<br \/>\nSERBIA<\/p>\n<p><strong>Working hours: Monday &#8211; Friday 09-17h<\/strong><br \/>\n+381 (0) 69 321 56 21<br \/>\n+381 (0) 11 408 92 75<\/p>\n<p><strong>office@casa.co.rs<\/strong>[\/vc_column_text][\/vc_column][\/vc_row][vc_row full_width=&#8221;stretch_row_content_no_spaces&#8221; bg_type=&#8221;bg_color&#8221; bg_override=&#8221;ex-full&#8221; css=&#8221;.vc_custom_1652782788912{margin-top: 0px !important;margin-bottom: 0px !important;border-top-width: 0px !important;border-right-width: 0px !important;border-left-width: 0px !important;padding-top: 0px !important;padding-bottom: 0px !important;}&#8221; bg_color_value=&#8221;#eaeaeb&#8221;][vc_column css=&#8221;.vc_custom_1649854679846{margin-top: 0px !important;margin-bottom: 0px !important;padding-top: 0px !important;padding-bottom: 0px !important;}&#8221;]<div class=\"ult-spacer spacer-69dea7e1d6127\" data-id=\"69dea7e1d6127\" data-height=\"60\" data-height-mobile=\"30\" data-height-tab=\"\" data-height-tab-portrait=\"\" data-height-mobile-landscape=\"\" style=\"clear:both;display:block;\"><\/div>[\/vc_column][\/vc_row][vc_row full_width=&#8221;stretch_row&#8221; equal_height=&#8221;yes&#8221; css=&#8221;.vc_custom_1652785001134{margin-top: 0px !important;margin-bottom: 0px !important;padding-top: 0px !important;padding-bottom: 40px !important;}&#8221;][vc_column width=&#8221;2\/5&#8243; css=&#8221;.vc_custom_1649928712103{margin-top: 0px !important;margin-bottom: 0px !important;padding-top: 20px !important;padding-bottom: 20px !important;}&#8221; el_class=&#8221;naslov-polje2&#8243;][\/vc_column][vc_column width=&#8221;3\/5&#8243; css=&#8221;.vc_custom_1652944363026{margin-top: 0px !important;margin-bottom: 0px !important;padding-top: 20px !important;padding-bottom: 20px !important;}&#8221; el_class=&#8221;opis-polje3&#8243;]\n<div class=\"wpcf7 no-js\" id=\"wpcf7-f207-o1\" lang=\"sr-RS\" dir=\"ltr\" data-wpcf7-id=\"207\">\n<div class=\"screen-reader-response\"><p role=\"status\" aria-live=\"polite\" aria-atomic=\"true\"><\/p> <ul><\/ul><\/div>\n<form action=\"\/en\/wp-json\/wp\/v2\/pages\/4085#wpcf7-f207-o1\" method=\"post\" class=\"wpcf7-form init 67bbdc551fd2 cmatic-conn cmatic-aud-1 cmatic-mapd0-0 cmatic-v0978 cmatic-sent-0 cmatic-total-70\" aria-label=\"Contact form\" enctype=\"multipart\/form-data\" novalidate=\"novalidate\" data-status=\"init\">\n<fieldset class=\"hidden-fields-container\"><input type=\"hidden\" name=\"_wpcf7\" value=\"207\" \/><input type=\"hidden\" name=\"_wpcf7_version\" value=\"6.1.5\" \/><input type=\"hidden\" name=\"_wpcf7_locale\" value=\"sr_RS\" \/><input type=\"hidden\" name=\"_wpcf7_unit_tag\" value=\"wpcf7-f207-o1\" \/><input type=\"hidden\" name=\"_wpcf7_container_post\" value=\"0\" \/><input type=\"hidden\" name=\"_wpcf7_posted_data_hash\" value=\"\" \/><input type=\"hidden\" name=\"_wpcf7_recaptcha_response\" value=\"\" \/>\n<\/fieldset>\n<div class=\"vc_col-sm-12\" style=\"padding-left: 5px;padding-right: 5px;\">\n\t<p><span class=\"wpcf7-form-control-wrap\" data-name=\"your-name\"><input size=\"40\" maxlength=\"400\" class=\"wpcf7-form-control wpcf7-text wpcf7-validates-as-required kontakt-forma\" aria-required=\"true\" aria-invalid=\"false\" placeholder=\"Ime i prezime...\" value=\"\" type=\"text\" name=\"your-name\" \/><\/span>\n\t<\/p>\n<\/div>\n<div class=\"vc_col-sm-12\" style=\"padding-left: 5px;padding-right: 5px;\">\n\t<p><span class=\"wpcf7-form-control-wrap\" data-name=\"your-email\"><input size=\"40\" maxlength=\"400\" class=\"wpcf7-form-control wpcf7-email wpcf7-validates-as-required wpcf7-text wpcf7-validates-as-email kontakt-forma\" aria-required=\"true\" aria-invalid=\"false\" placeholder=\"Email...\" value=\"\" type=\"email\" name=\"your-email\" \/><\/span>\n\t<\/p>\n<\/div>\n<div class=\"vc_col-sm-12\" style=\"padding-left: 5px;padding-right: 5px;\">\n\t<p><span class=\"wpcf7-form-control-wrap\" data-name=\"your-subject\"><input size=\"40\" maxlength=\"400\" class=\"wpcf7-form-control wpcf7-text wpcf7-validates-as-required kontakt-forma\" aria-required=\"true\" aria-invalid=\"false\" placeholder=\"Naslov poruke...\" value=\"\" type=\"text\" name=\"your-subject\" \/><\/span>\n\t<\/p>\n<\/div>\n<div class=\"vc_col-sm-6\" style=\"padding-left: 5px;padding-right: 5px; padding-bottom: 10px;\">\n\t<p>Dodajte fajl (jpg, png, pdf, dwg)<br \/>\n<span class=\"wpcf7-form-control-wrap\" data-name=\"file-908\"><input size=\"40\" class=\"wpcf7-form-control wpcf7-file wpcf7-validates-as-required\" accept=\".dwg,.png,.jpg,.pdf\" aria-required=\"true\" aria-invalid=\"false\" type=\"file\" name=\"file-908\" \/><\/span>\n\t<\/p>\n<\/div>\n<div class=\"vc_col-sm-12\" style=\"padding-left: 5px;padding-right: 5px;\">\n\t<p><span class=\"wpcf7-form-control-wrap\" data-name=\"your-message\"><textarea cols=\"40\" rows=\"3\" maxlength=\"2000\" class=\"wpcf7-form-control wpcf7-textarea kontakt-forma\" aria-invalid=\"false\" placeholder=\"Poruka...\" name=\"your-message\"><\/textarea><\/span>\n\t<\/p>\n<\/div>\n<div class=\"vc_col-sm-12\" style=\"padding-left: 5px;padding-right: 5px;\">\n\t<p><input class=\"wpcf7-form-control wpcf7-submit has-spinner kontakt-forma1\" type=\"submit\" value=\"Po\u0161alji\" \/>\n\t<\/p>\n<\/div><div class=\"wpcf7-response-output\" aria-hidden=\"true\"><\/div>\n<\/form>\n<\/div>\n[\/vc_column][\/vc_row][vc_row full_width=&#8221;stretch_row_content_no_spaces&#8221;][vc_column][vc_single_image image=&#8221;3344&#8243; img_size=&#8221;full&#8221; alignment=&#8221;center&#8221; css=&#8221;.vc_custom_1652783101385{margin-top: 0px !important;margin-bottom: 0px !important;padding-top: 0px !important;padding-bottom: 0px !important;}&#8221;][\/vc_column][\/vc_row]<\/p>\n","protected":false},"excerpt":{"rendered":"<p>[vc_row full_width=&#8221;stretch_row_content&#8221; css=&#8221;.vc_custom_1652782456953{margin-top: 0px !important;margin-bottom: 0px !important;padding-top: 0px !important;padding-bottom: 0px !important;}&#8221;][vc_column css=&#8221;.vc_custom_1652782447865{margin-top: 0px !important;margin-bottom: 0px !important;padding-top: 30px !important;padding-bottom: 30px !important;}&#8221;][vc_gmaps link=&#8221;#E-8_JTNDaWZyYW1lJTIwc3JjJTNEJTIyaHR0cHMlM0ElMkYlMkZ3d3cuZ29vZ2xlLmNvbSUyRm1hcHMlMkZlbWJlZCUzRnBiJTNEJTIxMW0xOCUyMTFtMTIlMjExbTMlMjExZDc3ODIuODA4MDE2MjA1NDc5JTIxMmQyMC41MTI0MzA3ODM2MjQ4NTglMjEzZDQ0Ljc3NTM1MzM0OTAyODg5JTIxMm0zJTIxMWYwJTIxMmYwJTIxM2YwJTIxM20yJTIxMWkxMDI0JTIxMmk3NjglMjE0ZjEzLjElMjEzbTMlMjExbTIlMjExczB4NDc1YTcwOTg0ZjVhMmRlMyUyNTNBMHg1MDhmM2FjNzNiMzY4NTA0JTIxMnNDQVNBLUN1c3RvbSUyNTIwQXJ0JTI1MjAlMjUyNiUyNTIwU29sdXRpb25zJTI1MjBBbHRlcm5hdGl2JTIxNWUwJTIxM20yJTIxMXNlbiUyMTJzcnMlMjE0djE2NTI3ODM0OTM0ODklMjE1bTIlMjExc2VuJTIxMnNycyUyMiUyMHdpZHRoJTNEJTIyMTAwJTI1JTIyJTIwaGVpZ2h0JTNEJTIyNzAwJTIyJTIwc3R5bGUlM0QlMjJib3JkZXIlM0EwJTNCJTIyJTIwYWxsb3dmdWxsc2NyZWVuJTNEJTIyJTIyJTIwbG9hZGluZyUzRCUyMmxhenklMjIlMjByZWZlcnJlcnBvbGljeSUzRCUyMm5vLXJlZmVycmVyLXdoZW4tZG93bmdyYWRlJTIyJTNFJTNDJTJGaWZyYW1lJTNF&#8221; css=&#8221;.vc_custom_1652783569445{margin-top: 0px !important;margin-bottom: 0px !important;padding-top: 0px !important;padding-bottom: 0px !important;}&#8221;][\/vc_column][\/vc_row][vc_row full_width=&#8221;stretch_row_content_no_spaces&#8221; bg_type=&#8221;bg_color&#8221; bg_override=&#8221;ex-full&#8221; css=&#8221;.vc_custom_1649933307943{margin-top: 0px !important;margin-bottom: 0px !important;border-top-width: 0px !important;border-right-width: 0px !important;border-bottom-width: 1px !important;border-left-width: 0px !important;padding-top: 0px !important;padding-bottom: 0px !important;border-left-color: #000000 !important;border-left-style: solid !important;border-right-color: #000000&hellip;<\/p>\n","protected":false},"author":3,"featured_media":0,"parent":0,"menu_order":0,"comment_status":"closed","ping_status":"closed","template":"","meta":{"footnotes":""},"class_list":["post-4085","page","type-page","status-publish","hentry","description-off"],"yoast_head":"<!-- This site is optimized with the Yoast SEO plugin v27.3 - https:\/\/yoast.com\/product\/yoast-seo-wordpress\/ -->\n<title>Contact | CASA<\/title>\n<meta name=\"description\" content=\"Let us help you bring your project to life! Our team of experts offers free consultations to find the perfect solution for your budget.\" \/>\n<meta name=\"robots\" content=\"index, follow, max-snippet:-1, max-image-preview:large, max-video-preview:-1\" \/>\n<link rel=\"canonical\" href=\"https:\/\/casa.co.rs\/en\/contact\/\" \/>\n<meta property=\"og:locale\" content=\"en_US\" \/>\n<meta property=\"og:type\" content=\"article\" \/>\n<meta property=\"og:title\" content=\"Konatkt stranica | CASA\" \/>\n<meta property=\"og:description\" content=\"Hajde da razgovaramo o va\u0161em projektu. Uz besplatne konsultacije, na\u0161 tim stru\u010dnjaka c\u0301e vam pomoc\u0301i da prona\u0111ete re\u0161enje koji najbolje odgovara va\u0161im potrebama u okviru va\u0161eg bud\u017eeta.\" \/>\n<meta property=\"og:url\" content=\"https:\/\/casa.co.rs\/en\/contact\/\" \/>\n<meta property=\"og:site_name\" content=\"Casa Enterijeri\" \/>\n<meta property=\"article:publisher\" content=\"https:\/\/www.facebook.com\/CasaCustomArtSolutionsAlternative\" \/>\n<meta property=\"article:modified_time\" content=\"2023-11-09T09:04:13+00:00\" \/>\n<meta property=\"og:image\" content=\"https:\/\/casa.co.rs\/wp-content\/uploads\/2022\/07\/casa-logotip-vektor-1.jpg\" \/>\n\t<meta property=\"og:image:width\" content=\"1890\" \/>\n\t<meta property=\"og:image:height\" content=\"355\" \/>\n\t<meta property=\"og:image:type\" content=\"image\/jpeg\" \/>\n<meta name=\"twitter:card\" content=\"summary_large_image\" \/>\n<meta name=\"twitter:label1\" content=\"Est. reading time\" \/>\n\t<meta name=\"twitter:data1\" content=\"2 minutes\" \/>\n<script type=\"application\/ld+json\" class=\"yoast-schema-graph\">{\"@context\":\"https:\\\/\\\/schema.org\",\"@graph\":[{\"@type\":[\"WebPage\",\"ContactPage\"],\"@id\":\"https:\\\/\\\/casa.co.rs\\\/en\\\/contact\\\/\",\"url\":\"https:\\\/\\\/casa.co.rs\\\/en\\\/contact\\\/\",\"name\":\"Contact | CASA\",\"isPartOf\":{\"@id\":\"https:\\\/\\\/casa.co.rs\\\/en\\\/#website\"},\"datePublished\":\"2022-05-17T10:17:46+00:00\",\"dateModified\":\"2023-11-09T09:04:13+00:00\",\"description\":\"Let us help you bring your project to life! Our team of experts offers free consultations to find the perfect solution for your budget.\",\"breadcrumb\":{\"@id\":\"https:\\\/\\\/casa.co.rs\\\/en\\\/contact\\\/#breadcrumb\"},\"inLanguage\":\"en-US\",\"potentialAction\":[{\"@type\":\"ReadAction\",\"target\":[\"https:\\\/\\\/casa.co.rs\\\/en\\\/contact\\\/\"]}]},{\"@type\":\"BreadcrumbList\",\"@id\":\"https:\\\/\\\/casa.co.rs\\\/en\\\/contact\\\/#breadcrumb\",\"itemListElement\":[{\"@type\":\"ListItem\",\"position\":1,\"name\":\"Home\",\"item\":\"https:\\\/\\\/casa.co.rs\\\/en\\\/home\\\/\"},{\"@type\":\"ListItem\",\"position\":2,\"name\":\"Contact\"}]},{\"@type\":\"WebSite\",\"@id\":\"https:\\\/\\\/casa.co.rs\\\/en\\\/#website\",\"url\":\"https:\\\/\\\/casa.co.rs\\\/en\\\/\",\"name\":\"Casa Enterijeri\",\"description\":\"Custom Art &amp; Solutions Alternativ\",\"publisher\":{\"@id\":\"https:\\\/\\\/casa.co.rs\\\/en\\\/#organization\"},\"alternateName\":\"CASA\",\"potentialAction\":[{\"@type\":\"SearchAction\",\"target\":{\"@type\":\"EntryPoint\",\"urlTemplate\":\"https:\\\/\\\/casa.co.rs\\\/en\\\/?s={search_term_string}\"},\"query-input\":{\"@type\":\"PropertyValueSpecification\",\"valueRequired\":true,\"valueName\":\"search_term_string\"}}],\"inLanguage\":\"en-US\"},{\"@type\":\"Organization\",\"@id\":\"https:\\\/\\\/casa.co.rs\\\/en\\\/#organization\",\"name\":\"Casa Enterijeri\",\"alternateName\":\"CASA\",\"url\":\"https:\\\/\\\/casa.co.rs\\\/en\\\/\",\"logo\":{\"@type\":\"ImageObject\",\"inLanguage\":\"en-US\",\"@id\":\"https:\\\/\\\/casa.co.rs\\\/en\\\/#\\\/schema\\\/logo\\\/image\\\/\",\"url\":\"https:\\\/\\\/casa.co.rs\\\/wp-content\\\/uploads\\\/2022\\\/04\\\/casa-logo.svg\",\"contentUrl\":\"https:\\\/\\\/casa.co.rs\\\/wp-content\\\/uploads\\\/2022\\\/04\\\/casa-logo.svg\",\"width\":1,\"height\":1,\"caption\":\"Casa Enterijeri\"},\"image\":{\"@id\":\"https:\\\/\\\/casa.co.rs\\\/en\\\/#\\\/schema\\\/logo\\\/image\\\/\"},\"sameAs\":[\"https:\\\/\\\/www.facebook.com\\\/CasaCustomArtSolutionsAlternative\",\"https:\\\/\\\/www.instagram.com\\\/casa_customart\\\/\",\"https:\\\/\\\/www.youtube.com\\\/channel\\\/UCDtgkFaYiP1vAWOx663koxg\",\"https:\\\/\\\/www.linkedin.com\\\/company\\\/casa-custom-art--solutions-alternative\\\/\"]}]}<\/script>\n<!-- \/ Yoast SEO plugin. -->","yoast_head_json":{"title":"Contact | CASA","description":"Let us help you bring your project to life! Our team of experts offers free consultations to find the perfect solution for your budget.","robots":{"index":"index","follow":"follow","max-snippet":"max-snippet:-1","max-image-preview":"max-image-preview:large","max-video-preview":"max-video-preview:-1"},"canonical":"https:\/\/casa.co.rs\/en\/contact\/","og_locale":"en_US","og_type":"article","og_title":"Konatkt stranica | CASA","og_description":"Hajde da razgovaramo o va\u0161em projektu. Uz besplatne konsultacije, na\u0161 tim stru\u010dnjaka c\u0301e vam pomoc\u0301i da prona\u0111ete re\u0161enje koji najbolje odgovara va\u0161im potrebama u okviru va\u0161eg bud\u017eeta.","og_url":"https:\/\/casa.co.rs\/en\/contact\/","og_site_name":"Casa Enterijeri","article_publisher":"https:\/\/www.facebook.com\/CasaCustomArtSolutionsAlternative","article_modified_time":"2023-11-09T09:04:13+00:00","og_image":[{"width":1890,"height":355,"url":"https:\/\/casa.co.rs\/wp-content\/uploads\/2022\/07\/casa-logotip-vektor-1.jpg","type":"image\/jpeg"}],"twitter_card":"summary_large_image","twitter_misc":{"Est. reading time":"2 minutes"},"schema":{"@context":"https:\/\/schema.org","@graph":[{"@type":["WebPage","ContactPage"],"@id":"https:\/\/casa.co.rs\/en\/contact\/","url":"https:\/\/casa.co.rs\/en\/contact\/","name":"Contact | CASA","isPartOf":{"@id":"https:\/\/casa.co.rs\/en\/#website"},"datePublished":"2022-05-17T10:17:46+00:00","dateModified":"2023-11-09T09:04:13+00:00","description":"Let us help you bring your project to life! Our team of experts offers free consultations to find the perfect solution for your budget.","breadcrumb":{"@id":"https:\/\/casa.co.rs\/en\/contact\/#breadcrumb"},"inLanguage":"en-US","potentialAction":[{"@type":"ReadAction","target":["https:\/\/casa.co.rs\/en\/contact\/"]}]},{"@type":"BreadcrumbList","@id":"https:\/\/casa.co.rs\/en\/contact\/#breadcrumb","itemListElement":[{"@type":"ListItem","position":1,"name":"Home","item":"https:\/\/casa.co.rs\/en\/home\/"},{"@type":"ListItem","position":2,"name":"Contact"}]},{"@type":"WebSite","@id":"https:\/\/casa.co.rs\/en\/#website","url":"https:\/\/casa.co.rs\/en\/","name":"Casa Enterijeri","description":"Custom Art &amp; Solutions Alternativ","publisher":{"@id":"https:\/\/casa.co.rs\/en\/#organization"},"alternateName":"CASA","potentialAction":[{"@type":"SearchAction","target":{"@type":"EntryPoint","urlTemplate":"https:\/\/casa.co.rs\/en\/?s={search_term_string}"},"query-input":{"@type":"PropertyValueSpecification","valueRequired":true,"valueName":"search_term_string"}}],"inLanguage":"en-US"},{"@type":"Organization","@id":"https:\/\/casa.co.rs\/en\/#organization","name":"Casa Enterijeri","alternateName":"CASA","url":"https:\/\/casa.co.rs\/en\/","logo":{"@type":"ImageObject","inLanguage":"en-US","@id":"https:\/\/casa.co.rs\/en\/#\/schema\/logo\/image\/","url":"https:\/\/casa.co.rs\/wp-content\/uploads\/2022\/04\/casa-logo.svg","contentUrl":"https:\/\/casa.co.rs\/wp-content\/uploads\/2022\/04\/casa-logo.svg","width":1,"height":1,"caption":"Casa Enterijeri"},"image":{"@id":"https:\/\/casa.co.rs\/en\/#\/schema\/logo\/image\/"},"sameAs":["https:\/\/www.facebook.com\/CasaCustomArtSolutionsAlternative","https:\/\/www.instagram.com\/casa_customart\/","https:\/\/www.youtube.com\/channel\/UCDtgkFaYiP1vAWOx663koxg","https:\/\/www.linkedin.com\/company\/casa-custom-art--solutions-alternative\/"]}]}},"_links":{"self":[{"href":"https:\/\/casa.co.rs\/en\/wp-json\/wp\/v2\/pages\/4085","targetHints":{"allow":["GET"]}}],"collection":[{"href":"https:\/\/casa.co.rs\/en\/wp-json\/wp\/v2\/pages"}],"about":[{"href":"https:\/\/casa.co.rs\/en\/wp-json\/wp\/v2\/types\/page"}],"author":[{"embeddable":true,"href":"https:\/\/casa.co.rs\/en\/wp-json\/wp\/v2\/users\/3"}],"replies":[{"embeddable":true,"href":"https:\/\/casa.co.rs\/en\/wp-json\/wp\/v2\/comments?post=4085"}],"version-history":[{"count":0,"href":"https:\/\/casa.co.rs\/en\/wp-json\/wp\/v2\/pages\/4085\/revisions"}],"wp:attachment":[{"href":"https:\/\/casa.co.rs\/en\/wp-json\/wp\/v2\/media?parent=4085"}],"curies":[{"name":"wp","href":"https:\/\/api.w.org\/{rel}","templated":true}]}}